{"id":11,"date":"2010-04-24T19:04:00","date_gmt":"2010-04-24T17:04:00","guid":{"rendered":"http:\/\/www.3d-sign.de\/3d-sign\/?page_id=11"},"modified":"2021-10-26T23:57:13","modified_gmt":"2021-10-26T21:57:13","slug":"aktuelles","status":"publish","type":"page","link":"https:\/\/www.3d-sign.de\/?page_id=11","title":{"rendered":"Aktuelles"},"content":{"rendered":"<p><a title=\"Archiv\" href=\"http:\/\/www.3d-sign.de\/?page_id=85\">zum Archiv<\/a><\/p>\n<h2><strong>&#8222;WENN B\u00dcCHER BRENNEN&#8220;<\/strong><\/h2>\n<h3><strong><em>Wird es hell. Rauch steigt auf. Asche f\u00e4llt.<\/em><\/strong><\/h3>\n<p>URAUFF\u00dcHRUNG<\/p>\n<p><iframe loading=\"lazy\" src=\"https:\/\/www.youtube-nocookie.com\/embed\/L3R4zx1agUU?rel=0\" width=\"640\" height=\"360\" frameborder=\"0\" allowfullscreen=\"allowfullscreen\"><\/iframe><\/p>\n<p><strong><span class=\"ds1\">INSZENIERUNG, DRAMATURGIE<br \/>\nOBJEKTE, B\u00dcHNE<\/span><\/strong><br \/>\nDr. Wilfried Fiebig<\/p>\n<p><strong><span class=\"ds1\">KOMPOSITION \/ PIANO<\/span><\/strong><br \/>\nTheodor K\u00f6hler<\/p>\n<p><strong><span class=\"ds1\">VIOLINE<\/span><\/strong><br \/>\nKatrin Becht<\/p>\n<p><strong><span class=\"ds1\">Leitung E9N<\/span><\/strong><br \/>\nHelen K\u00f6rte<br \/>\nDr. Wilfried Fiebig<\/p>\n<p><strong><span class=\"ds1\">Musik<\/span><\/strong><\/p>\n<p><strong><span class=\"ds1\">Sopran<\/span><\/strong><br \/>\nJohanna Greulich<\/p>\n<p><strong><span class=\"ds1\">Violine<\/span><\/strong><br \/>\nKatrin Becht<\/p>\n<p><strong><span class=\"ds1\">Saxophon, Querfl\u00f6te Bassklarinette<\/span><\/strong><br \/>\nStefan Weilm\u00fcnster<\/p>\n<p><strong><span class=\"ds1\">Schauspiel<\/span><\/strong><br \/>\nEric Lenke<br \/>\nKatrin Schyns<br \/>\nMyriam Tancredi<br \/>\nRichard K\u00f6hler<\/p>\n<p><strong><span class=\"ds1\">Licht<\/span><\/strong><br \/>\nJohannes Schmidt<\/p>\n<p><strong><span class=\"ds1\">Grafik<\/span><\/strong><br \/>\nJ\u00f6rg Langhorst<\/p>\n<p><span class=\"ds1\">mit freundlicher Unterst\u00fctzung:<\/span><br \/>\nKulturamt Stadt Frankfurt am Main<br \/>\nfrankfurt music academy<br \/>\nHfG Offenbach<\/p>\n<p><strong>PREMIERE<br \/>\nAuf der B\u00fchne des Gallus Theaters<br \/>\nim Oktober 2021:<\/strong><br \/>\nMittwoch 13. Oktober 20 Uhr<br \/>\nDonnerstag 14. Oktober 20 Uhr<br \/>\nFreitag 15. Oktober 20 Uhr<\/p>\n<p><strong>Donnerstag, 15. Juli 2021<\/strong><br \/>\nab 21:00 Uhr<br \/>\nOpen Air Kino Innenhof<\/p>\n","protected":false},"excerpt":{"rendered":"<p>zum Archiv &#8222;WENN B\u00dcCHER BRENNEN&#8220; Wird es hell. Rauch steigt auf. Asche f\u00e4llt. URAUFF\u00dcHRUNG INSZENIERUNG, DRAMATURGIE OBJEKTE, B\u00dcHNE Dr. Wilfried Fiebig KOMPOSITION \/ PIANO Theodor K\u00f6hler VIOLINE Katrin Becht Leitung E9N Helen K\u00f6rte Dr. Wilfried Fiebig Musik Sopran Johanna Greulich Violine Katrin Becht Saxophon, Querfl\u00f6te Bassklarinette Stefan Weilm\u00fcnster Schauspiel Eric Lenke Katrin Schyns Myriam Tancredi [&hellip;]<\/p>\n","protected":false},"author":2,"featured_media":0,"parent":0,"menu_order":0,"comment_status":"closed","ping_status":"closed","template":"","meta":[],"_links":{"self":[{"href":"https:\/\/www.3d-sign.de\/index.php?rest_route=\/wp\/v2\/pages\/11"}],"collection":[{"href":"https:\/\/www.3d-sign.de\/index.php?rest_route=\/wp\/v2\/pages"}],"about":[{"href":"https:\/\/www.3d-sign.de\/index.php?rest_route=\/wp\/v2\/types\/page"}],"author":[{"embeddable":true,"href":"https:\/\/www.3d-sign.de\/index.php?rest_route=\/wp\/v2\/users\/2"}],"replies":[{"embeddable":true,"href":"https:\/\/www.3d-sign.de\/index.php?rest_route=%2Fwp%2Fv2%2Fcomments&post=11"}],"version-history":[{"count":24,"href":"https:\/\/www.3d-sign.de\/index.php?rest_route=\/wp\/v2\/pages\/11\/revisions"}],"predecessor-version":[{"id":245,"href":"https:\/\/www.3d-sign.de\/index.php?rest_route=\/wp\/v2\/pages\/11\/revisions\/245"}],"wp:attachment":[{"href":"https:\/\/www.3d-sign.de\/index.php?rest_route=%2Fwp%2Fv2%2Fmedia&parent=11"}],"curies":[{"name":"wp","href":"https:\/\/api.w.org\/{rel}","templated":true}]}}