{"id":8,"date":"2010-04-24T19:01:45","date_gmt":"2010-04-24T17:01:45","guid":{"rendered":"http:\/\/www.3d-sign.de\/3d-sign\/?page_id=8"},"modified":"2022-05-03T01:04:33","modified_gmt":"2022-05-02T23:04:33","slug":"personen","status":"publish","type":"page","link":"https:\/\/www.3d-sign.de\/?page_id=8","title":{"rendered":"Impressum \/ Datenschutz"},"content":{"rendered":"<p><a title=\"&gt; der Name 3d-sign\" href=\"http:\/\/www.3d-sign.de\/?page_id=114\">&gt; der Name 3d-sign<\/a><\/p>\n<p><strong>J\u00f6rg Langhorst<\/strong><\/p>\n<p>Diplom Industriedesigner. Jahrgang 1963.<br \/>\nSeine T\u00e4tigkeit als Lehrer an der <a href=\"https:\/\/www.hfg-offenbach.de\/de\/people\/joerg-langhorst#person\">HfG Offenbach<\/a> haben ihn zum fachkundigen Berater in vielen computerbezogenen Anwendungen gemacht.<br \/>\nBis 2005 war er als freier Mitarbeiter verschiedene Designb\u00fcros t\u00e4tig, unter anderem f\u00fcr <a href=\"https:\/\/www.botta-produktdesign.de\/projekte\/\">Botta Design<\/a>\u00a0in K\u00f6nigstein. Die \u00a0Schwerpunkte lagen dort im &#8222;klassischen&#8220; Industriedesign: Haushalts- und Kommunikationsger\u00e4te, aber auch Produktgrafik und -Dokumentation waren Inhalte seiner Arbeit. Weitere Auftraggeber sind u.A. <a href=\"http:\/\/exposit.de\/\">Exposition<\/a>, das <a href=\"https:\/\/historisches-museum-frankfurt.de\/\">Historische Museum in Frankfurt<\/a>\u00a0oder das <a href=\"http:\/\/www.museum-ruesselsheim.de\/\">Stadt- und Industriemuseum R\u00fcsselsheim<\/a>.<br \/>\nSeit 2007 besteht eine kreative Zusammenarbeit mit E9N &#8211; dem &#8222;<a href=\"http:\/\/e9n.de\/a1__\/index.html\">Ensemble 9. November<\/a>&#8220; unter der Leitung von Helen H\u00f6rte und Dr. Wilfried Fiebig.<\/p>\n<h2><em><strong>Datenschutzerkl\u00e4rung<\/strong><\/em><\/h2>\n<p><strong>Geltungsbereich<\/strong><\/p>\n<p>Wir m\u00f6chten Sie mit dieser Datenschutzerkl\u00e4rung \u00fcber Art, Umfang und Zweck der von uns erfassten, genutzten und verarbeiteten Daten informieren. Personenbezogene Daten werden ausschlie\u00dflich im Rahmen der gesetzlichen Vorschriften des Bundesdatenschutzgesetzes (BDSG) sowie des Telemediengesetzes (TMG) erfasst und gespeichert.<\/p>\n<p>Verantwortlich f\u00fcr die Inhalte dieser Website ist:<\/p>\n<p>J\u00f6rg Langhorst<br \/>\nAugust-Hecht-Stra\u00dfe 39<br \/>\n63067 Offenbach am Main<br \/>\nTel.:\u00a0 +49 69 823 662 OO<br \/>\n3d-sign(at)web.de<\/p>\n<p>Einem Missbrauch unserer Kontaktdaten zur \u00dcbersendung von nicht speziell angeforderter Werbung und Informationsmaterial widersprechen wir hiermit ausdr\u00fccklich .<\/p>\n<p><strong>Zugriffsdaten<\/strong><\/p>\n<p>Bei jedem Abruf einer unserer Webseiten speichert der Server Informationen \u00fcber IP-Adresse, Datum und Uhrzeit, verweisende URL , Browserversion und das verwendete Betriebssystem in seinen Logdateien. Diese Daten werden nur intern zur Seitenoptimierung und zum Schutze vor Missbrauch aufgezeichnet. Die Verarbeitung geschieht vertraulich und im Sinne der Datenschutzgesetze durch den Webhoster (https:\/\/www.strato.de\/ ), den wir mit der Bereitstellung unserer Webseiten beauftragt haben. Die Logdaten enthalten keinen Bezug auf individuelle Personen.<\/p>\n<p>Der Websitebetreiber beh\u00e4lt sich allerdings vor, die Server-Logfiles nachtr\u00e4glich zu \u00fcberpr\u00fcfen, sollten konkrete Anhaltspunkte auf eine rechtswidrige Nutzung hinweisen.<\/p>\n<p><strong>Cookies<\/strong><\/p>\n<p>Diese Webseite nutzt stellenweise den Einsatz von Cookies. Als &#8218;Cookies&#8216; werden kleine Textdateien bezeichnet, welche auf \u00a0Endger\u00e4ten gespeichert werden um die Nutzung bestimmter Seiten zu vereinfachen. Cookies werden zum Beispiel gesetzt, wenn sich ein Nutzer in das CMS einloggt um Seiten zu bearbeiten, oder wenn von der Kommentarfunktion Gebrauch gemacht wird. G\u00e4ngige Browser bieten in ihren Einstellungen die Option, das Setzen von Cookies zu unterbinden.<\/p>\n<p><strong>Eingebettete Videos<\/strong><\/p>\n<p>Bisweilen betten wir\u00a0 Videos in unsere Seiten ein, die auf den Servern von Youtube gehostet sind. Diese werden im &#8218;erweiterten Datenschutzmodus&#8216; eingebettet, bei dem keine &#8218;Cookies&#8216; verwendet werden. Dennoch m\u00f6chten wir darauf hinweisen, dass beim Anklicken der Videos anonyme Daten an diesen Anbieter \u00fcbermittelt werden, die zum Start des Videostreams und zur Erstellung des Abrufz\u00e4hlers notwendig sind.<\/p>\n<p><strong>Umgang mit personenbezogenen Daten<\/strong><\/p>\n<p>Unsere Webseiten lassen sich weitgehend ohne Angabe personenbezogener Daten nutzen. Sollten auf einzelnen unserer Seiten personenbezogene Daten wie zum Beispiel Name oder eMail-Adressen abgefragt werden, erfolgt dies stets auf freiwilliger Basis. Wenn sie \u00fcber die im Impressum angegebenen Kontaktm\u00f6glichkeiten Verbindung mit uns aufnehmen, speichern wir ihre Kontaktaten um ihre Anfrage beantworten zu k\u00f6nnen. Diese Daten werden nicht an Dritte weitergegeben, sofern sie einer Weitergabe nicht ausdr\u00fccklich zustimmen.<\/p>\n<p><strong>Haftung f\u00fcr Inhalte<\/strong><\/p>\n<p>Gem\u00e4\u00df \u00a7 7 Abs.1 des TMG sind wir f\u00fcr die Inhalte der Seiten unseres Internetauftritts nach den geltenden Gesetzen verantwortlich. Hingegen sind wir nach \u00a7\u00a7 8 bis 10 des TMG nicht verpflichtet, an uns \u00fcbermittelte oder gespeicherte fremde Informationen zu \u00fcberwachen oder nach Merkmalen zu forschen, die auf rechtswidrige Vorg\u00e4nge hinweisen. Eine Verpflichtungen zur Entfernung oder zur Sperrung von Informationen nach den geltenden Gesetzen bleiben hiervon unber\u00fchrt. Eine entsprechende Haftung ist jedoch erst ab dem Zeitpunkt m\u00f6glich, zu dem wir Kenntnis einer konkreten Rechtsverletzung erhalten haben. Sollten uns Hinweise auf Rechtsverletzungen auf unseren Seiten erreichen, werden diese Inhalte umgehend entfernen.<\/p>\n<p><strong>Links auf externe Seiten<\/strong><\/p>\n<p>Soweit wir Links zu externen Internetauftritten Dritter gesetzt haben, entziehen sich deren Inhalte unserem Einfluss. Daher k\u00f6nnen wir f\u00fcr solche fremden Inhalte keine Gew\u00e4hr \u00fcbernehmen. Die Inhalte verlinkter Seiten liegen stets in der Verantwortung der jeweiligen Anbieter oder Betreiber der externen Seiten. Zum Zeitpunkt der Setzung eines Links auf externe Inhalte wurden diese auf m\u00f6gliche Rechtsverst\u00f6\u00dfe \u00fcberpr\u00fcft und zeigten keine erkennbaren Verst\u00f6\u00dfe gegen geltendes Recht. Jedoch ist es, ohne konkrete Anhaltspunkte auf eine Rechtsverletzung, nicht zumutbar, verlinkte Seiten einer kontinuierlichen inhaltlichen Kontrolle zu unterziehen.<br \/>\nSollten wir von Rechtsverletzungen auf verlinkten Seiten erfahren, werden wir die Links umgehend entfernen.<\/p>\n<p><strong>Urheberrecht<\/strong><\/p>\n<p>Die auf unseren Seiten dargebotenen Inhalte unterliegen dem deutschen Urheberrecht. Sollten sie Interesse haben, unsere Inhalte \u00fcber den privaten und nicht kommerziellen Bereich hinaus zu nutzen, nehmen sie bitte Kontakt mit uns auf.<\/p>\n<p>Sollten Bestandteile dieser Seiten nicht vom Betreiber erstellt worden sein, haben wir Inhalte Dritter als solche gekennzeichnet. Insbesondere werden die Urheberrechte Dritter beachtet. Sollten Sie dennoch auf eine Urheberrechtsverletzung aufmerksam werden, bitten wir um einen entsprechenden Hinweis. Werden uns Verletzungen geltender Rechte bekannt gemacht, entfernen wir die entsprechenden Inhalte umgehend.<\/p>\n<p><strong>Haftungssausschluss<\/strong><\/p>\n<p>Dieser Haftungsausschluss ist Bestandteil unseres Internetangebotes. Sollten einzelne Teile oder Formulierungen dieses Textes nicht oder nicht mehr der geltenden Rechtslage entsprechen, bleiben die \u00fcbrigen Teile des Dokumentes in ihrem Inhalt und ihrer G\u00fcltigkeit davon unber\u00fchrt.<\/p>\n<p>Diese Datenschutzerkl\u00e4rung bezieht sich auf alle von uns genutzten Domains:<br \/>\n3d-sign.de, industrial-designer.de, hfg-of.de, langhorst-design.de, nghorst.com, soundsource.org, wolfspelz.net, wolpertingen.de<\/p>\n","protected":false},"excerpt":{"rendered":"<p>&gt; der Name 3d-sign J\u00f6rg Langhorst Diplom Industriedesigner. Jahrgang 1963. Seine T\u00e4tigkeit als Lehrer an der HfG Offenbach haben ihn zum fachkundigen Berater in vielen computerbezogenen Anwendungen gemacht. Bis 2005 war er als freier Mitarbeiter verschiedene Designb\u00fcros t\u00e4tig, unter anderem f\u00fcr Botta Design\u00a0in K\u00f6nigstein. Die \u00a0Schwerpunkte lagen dort im &#8222;klassischen&#8220; Industriedesign: Haushalts- und Kommunikationsger\u00e4te, aber [&hellip;]<\/p>\n","protected":false},"author":2,"featured_media":0,"parent":0,"menu_order":0,"comment_status":"closed","ping_status":"closed","template":"","meta":[],"_links":{"self":[{"href":"https:\/\/www.3d-sign.de\/index.php?rest_route=\/wp\/v2\/pages\/8"}],"collection":[{"href":"https:\/\/www.3d-sign.de\/index.php?rest_route=\/wp\/v2\/pages"}],"about":[{"href":"https:\/\/www.3d-sign.de\/index.php?rest_route=\/wp\/v2\/types\/page"}],"author":[{"embeddable":true,"href":"https:\/\/www.3d-sign.de\/index.php?rest_route=\/wp\/v2\/users\/2"}],"replies":[{"embeddable":true,"href":"https:\/\/www.3d-sign.de\/index.php?rest_route=%2Fwp%2Fv2%2Fcomments&post=8"}],"version-history":[{"count":29,"href":"https:\/\/www.3d-sign.de\/index.php?rest_route=\/wp\/v2\/pages\/8\/revisions"}],"predecessor-version":[{"id":278,"href":"https:\/\/www.3d-sign.de\/index.php?rest_route=\/wp\/v2\/pages\/8\/revisions\/278"}],"wp:attachment":[{"href":"https:\/\/www.3d-sign.de\/index.php?rest_route=%2Fwp%2Fv2%2Fmedia&parent=8"}],"curies":[{"name":"wp","href":"https:\/\/api.w.org\/{rel}","templated":true}]}}